{"id":32,"date":"2022-03-08T20:10:26","date_gmt":"2022-03-08T19:10:07","guid":{"rendered":"https:\/\/brandfeld.com\/?page_id=32"},"modified":"2025-08-10T21:03:20","modified_gmt":"2025-08-10T19:03:20","slug":"nota-prawna","status":"publish","type":"page","link":"https:\/\/brandfeld.com\/pl\/nota-prawna\/","title":{"rendered":"Nota prawna"},"content":{"rendered":"\t\t<div data-elementor-type=\"wp-page\" data-elementor-id=\"32\" class=\"elementor elementor-32\" data-elementor-post-type=\"page\">\n\t\t\t\t<div class=\"elementor-element elementor-element-8106376 e-con-full u-inverted e-flex e-con e-parent\" data-id=\"8106376\" data-element_type=\"container\" data-e-type=\"container\" data-settings=\"{&quot;background_background&quot;:&quot;classic&quot;,&quot;jet_parallax_layout_list&quot;:[]}\">\n\t\t\t\t<div class=\"elementor-element elementor-element-0cdea20 u-pb-5-5 elementor-widget elementor-widget-shortcode\" data-id=\"0cdea20\" data-element_type=\"widget\" data-e-type=\"widget\" data-widget_type=\"shortcode.default\">\n\t\t\t\t<div class=\"elementor-widget-container\">\n\t\t\t\t\t\t\t<div class=\"elementor-shortcode\">\t\t<div data-elementor-type=\"container\" data-elementor-id=\"8981\" class=\"elementor elementor-8981\" data-elementor-post-type=\"elementor_library\">\n\t\t\t\t<div class=\"elementor-element elementor-element-43ba2d63 e-con-full u-px--page u-py-3-3 e-flex e-con e-parent\" data-id=\"43ba2d63\" data-element_type=\"container\" data-e-type=\"container\" id=\"scroll-top-target\" data-settings=\"{&quot;jet_parallax_layout_list&quot;:[]}\">\n\t\t<div class=\"elementor-element elementor-element-2173c888 e-con-full c-main-menu e-flex e-con e-child\" data-id=\"2173c888\" data-element_type=\"container\" data-e-type=\"container\" data-settings=\"{&quot;jet_parallax_layout_list&quot;:[]}\">\n\t\t\t\t<div class=\"elementor-element elementor-element-d4037b1 elementor-hidden-widescreen elementor-hidden-desktop elementor-hidden-laptop elementor-hidden-tablet_extra copy-small elementor-widget elementor-widget-heading\" data-id=\"d4037b1\" data-element_type=\"widget\" data-e-type=\"widget\" data-widget_type=\"heading.default\">\n\t\t\t\t<div class=\"elementor-widget-container\">\n\t\t\t\t\t<p class=\"elementor-heading-title elementor-size-default\"><a href=\"#elementor-action%3Aaction%3Dpopup%3Aopen%26settings%3DeyJpZCI6MjQ4LCJ0b2dnbGUiOmZhbHNlfQ%3D%3D\">Menu<\/a><\/p>\t\t\t\t<\/div>\n\t\t\t\t<\/div>\n\t\t\t\t<div class=\"elementor-element elementor-element-7daeb4b6 elementor-widget__width-auto elementor-hidden-mobile_extra elementor-hidden-mobile copy-small elementor-hidden-tablet elementor-widget elementor-widget-heading\" data-id=\"7daeb4b6\" data-element_type=\"widget\" data-e-type=\"widget\" data-widget_type=\"heading.default\">\n\t\t\t\t<div class=\"elementor-widget-container\">\n\t\t\t\t\t<p class=\"elementor-heading-title elementor-size-default\"><a href=\"\/\">Brandfeld<\/a><\/p>\t\t\t\t<\/div>\n\t\t\t\t<\/div>\n\t\t\t\t<div class=\"elementor-element elementor-element-76d28f8f elementor-widget__width-auto elementor-hidden-mobile_extra elementor-hidden-mobile copy-small  is-pl-only elementor-hidden-tablet elementor-widget elementor-widget-heading\" data-id=\"76d28f8f\" data-element_type=\"widget\" data-e-type=\"widget\" data-widget_type=\"heading.default\">\n\t\t\t\t<div class=\"elementor-widget-container\">\n\t\t\t\t\t<p class=\"elementor-heading-title elementor-size-default\"><a href=\"\/pl\/#realizacje\">Realizacje<\/a><\/p>\t\t\t\t<\/div>\n\t\t\t\t<\/div>\n\t\t\t\t<div class=\"elementor-element elementor-element-f2bf11c elementor-widget__width-auto elementor-hidden-mobile_extra elementor-hidden-mobile copy-small is-de-only elementor-hidden-tablet elementor-widget elementor-widget-heading\" data-id=\"f2bf11c\" data-element_type=\"widget\" data-e-type=\"widget\" data-widget_type=\"heading.default\">\n\t\t\t\t<div class=\"elementor-widget-container\">\n\t\t\t\t\t<p class=\"elementor-heading-title elementor-size-default\"><a href=\"\/de\/#realizacje\">Realizacje<\/a><\/p>\t\t\t\t<\/div>\n\t\t\t\t<\/div>\n\t\t\t\t<div class=\"elementor-element elementor-element-147c0569 elementor-widget__width-auto elementor-hidden-mobile_extra elementor-hidden-mobile copy-small  is-pl-only elementor-hidden-tablet elementor-widget elementor-widget-heading\" data-id=\"147c0569\" data-element_type=\"widget\" data-e-type=\"widget\" data-widget_type=\"heading.default\">\n\t\t\t\t<div class=\"elementor-widget-container\">\n\t\t\t\t\t<p class=\"elementor-heading-title elementor-size-default\"><a href=\"\/pl\/#oferta\">Oferta<\/a><\/p>\t\t\t\t<\/div>\n\t\t\t\t<\/div>\n\t\t\t\t<div class=\"elementor-element elementor-element-e78e0d7 elementor-widget__width-auto elementor-hidden-mobile_extra elementor-hidden-mobile copy-small  is-de-only elementor-hidden-tablet elementor-widget elementor-widget-heading\" data-id=\"e78e0d7\" data-element_type=\"widget\" data-e-type=\"widget\" data-widget_type=\"heading.default\">\n\t\t\t\t<div class=\"elementor-widget-container\">\n\t\t\t\t\t<p class=\"elementor-heading-title elementor-size-default\"><a href=\"\/de\/#oferta\">Oferta<\/a><\/p>\t\t\t\t<\/div>\n\t\t\t\t<\/div>\n\t\t\t\t<div class=\"elementor-element elementor-element-a52d83b elementor-widget__width-auto elementor-hidden-mobile_extra elementor-hidden-mobile copy-small is-pl-only elementor-hidden-tablet elementor-widget elementor-widget-heading\" data-id=\"a52d83b\" data-element_type=\"widget\" data-e-type=\"widget\" data-widget_type=\"heading.default\">\n\t\t\t\t<div class=\"elementor-widget-container\">\n\t\t\t\t\t<p class=\"elementor-heading-title elementor-size-default\"><a href=\"\/pl\/#onas\">O nas<\/a><\/p>\t\t\t\t<\/div>\n\t\t\t\t<\/div>\n\t\t\t\t<div class=\"elementor-element elementor-element-90e7aae elementor-widget__width-auto elementor-hidden-mobile_extra elementor-hidden-mobile copy-small is-de-only elementor-hidden-tablet elementor-widget elementor-widget-heading\" data-id=\"90e7aae\" data-element_type=\"widget\" data-e-type=\"widget\" data-widget_type=\"heading.default\">\n\t\t\t\t<div class=\"elementor-widget-container\">\n\t\t\t\t\t<p class=\"elementor-heading-title elementor-size-default\"><a href=\"\/de\/#onas\">O nas<\/a><\/p>\t\t\t\t<\/div>\n\t\t\t\t<\/div>\n\t\t\t\t<div class=\"elementor-element elementor-element-7e91b6ff elementor-widget__width-auto elementor-hidden-mobile_extra elementor-hidden-mobile copy-small elementor-hidden-tablet elementor-widget elementor-widget-heading\" data-id=\"7e91b6ff\" data-element_type=\"widget\" data-e-type=\"widget\" data-widget_type=\"heading.default\">\n\t\t\t\t<div class=\"elementor-widget-container\">\n\t\t\t\t\t<p class=\"elementor-heading-title elementor-size-default\"><a href=\"https:\/\/brandfeld.com\/pl\/kontakt\/\">Kontakt<\/a><\/p>\t\t\t\t<\/div>\n\t\t\t\t<\/div>\n\t\t\t\t<div class=\"elementor-element elementor-element-3a70bfc c-custom-wpml-switcher u-ml-4-4 elementor-hidden-tablet elementor-hidden-mobile_extra elementor-hidden-mobile elementor-widget elementor-widget-shortcode\" data-id=\"3a70bfc\" data-element_type=\"widget\" data-e-type=\"widget\" data-widget_type=\"shortcode.default\">\n\t\t\t\t<div class=\"elementor-widget-container\">\n\t\t\t\t\t\t\t<div class=\"elementor-shortcode\"><ul class=\"wpml-lang-switcher\"><li class=\"active\"><a href=\"https:\/\/brandfeld.com\/pl\/\">PL<\/a><\/li><li><a href=\"https:\/\/brandfeld.com\/de\/\">DE<\/a><\/li><\/ul><\/div>\n\t\t\t\t\t\t<\/div>\n\t\t\t\t<\/div>\n\t\t\t\t<\/div>\n\t\t\t\t<div class=\"elementor-element elementor-element-686014e header-cta-button elementor-widget elementor-widget-global elementor-global-13734 elementor-widget-button\" data-id=\"686014e\" data-element_type=\"widget\" data-e-type=\"widget\" data-widget_type=\"button.default\">\n\t\t\t\t<div class=\"elementor-widget-container\">\n\t\t\t\t\t\t\t\t\t<div class=\"elementor-button-wrapper\">\n\t\t\t\t\t<a class=\"elementor-button elementor-button-link elementor-size-sm\" href=\"https:\/\/brandfeld.com\/pl\/kontakt\/szybka-konsultacja\/\">\n\t\t\t\t\t\t<span class=\"elementor-button-content-wrapper\">\n\t\t\t\t\t\t\t\t\t<span class=\"elementor-button-text\">Szybka konsultacja<\/span>\n\t\t\t\t\t<\/span>\n\t\t\t\t\t<\/a>\n\t\t\t\t<\/div>\n\t\t\t\t\t\t\t\t<\/div>\n\t\t\t\t<\/div>\n\t\t\t\t<\/div>\n\t\t\t\t<\/div>\n\t\t<\/div>\n\t\t\t\t\t\t<\/div>\n\t\t\t\t<\/div>\n\t\t\t\t<\/div>\n\t\t<div class=\"elementor-element elementor-element-1816eb5 fx-marquee u-py-4-4 u-inverted e-con-full e-flex e-con e-parent\" data-id=\"1816eb5\" data-element_type=\"container\" data-e-type=\"container\" data-settings=\"{&quot;jet_parallax_layout_list&quot;:[],&quot;background_background&quot;:&quot;classic&quot;}\">\n\t\t<div class=\"elementor-element elementor-element-844eeec e-con-full fx-marquee__rail e-flex e-con e-child\" data-id=\"844eeec\" data-element_type=\"container\" data-e-type=\"container\" data-settings=\"{&quot;jet_parallax_layout_list&quot;:[]}\">\n\t\t\t\t<div class=\"elementor-element elementor-element-85d6d03 copy-marque elementor-widget elementor-widget-heading\" data-id=\"85d6d03\" data-element_type=\"widget\" data-e-type=\"widget\" data-widget_type=\"heading.default\">\n\t\t\t\t<div class=\"elementor-widget-container\">\n\t\t\t\t\t<p class=\"elementor-heading-title elementor-size-default\">Nota prawna<\/p>\t\t\t\t<\/div>\n\t\t\t\t<\/div>\n\t\t\t\t<div class=\"elementor-element elementor-element-aa4edc6 copy-marque elementor-widget elementor-widget-heading\" data-id=\"aa4edc6\" data-element_type=\"widget\" data-e-type=\"widget\" data-widget_type=\"heading.default\">\n\t\t\t\t<div class=\"elementor-widget-container\">\n\t\t\t\t\t<p class=\"elementor-heading-title elementor-size-default\">Nota prawna<\/p>\t\t\t\t<\/div>\n\t\t\t\t<\/div>\n\t\t\t\t<div class=\"elementor-element elementor-element-32a2544 copy-marque elementor-widget elementor-widget-heading\" data-id=\"32a2544\" data-element_type=\"widget\" data-e-type=\"widget\" data-widget_type=\"heading.default\">\n\t\t\t\t<div class=\"elementor-widget-container\">\n\t\t\t\t\t<p class=\"elementor-heading-title elementor-size-default\">Nota prawna<\/p>\t\t\t\t<\/div>\n\t\t\t\t<\/div>\n\t\t\t\t<div class=\"elementor-element elementor-element-d695536 copy-marque elementor-widget elementor-widget-heading\" data-id=\"d695536\" data-element_type=\"widget\" data-e-type=\"widget\" data-widget_type=\"heading.default\">\n\t\t\t\t<div class=\"elementor-widget-container\">\n\t\t\t\t\t<p class=\"elementor-heading-title elementor-size-default\">Nota prawna<\/p>\t\t\t\t<\/div>\n\t\t\t\t<\/div>\n\t\t\t\t<\/div>\n\t\t\t\t<\/div>\n\t\t<div class=\"elementor-element elementor-element-b638556 e-con-full u-px--page  grid--page u-pt-6-6 u-pb-6-6 u-inverted e-grid e-con e-child\" data-id=\"b638556\" data-element_type=\"container\" data-e-type=\"container\" data-settings=\"{&quot;background_background&quot;:&quot;classic&quot;,&quot;jet_parallax_layout_list&quot;:[]}\">\n\t\t<div class=\"elementor-element elementor-element-29c06e2 e-con-full e-flex e-con e-child\" data-id=\"29c06e2\" data-element_type=\"container\" data-e-type=\"container\" data-settings=\"{&quot;jet_parallax_layout_list&quot;:[]}\">\n\t\t\t\t<div class=\"elementor-element elementor-element-858e5d6 left-col-title elementor-widget elementor-widget-heading\" data-id=\"858e5d6\" data-element_type=\"widget\" data-e-type=\"widget\" data-widget_type=\"heading.default\">\n\t\t\t\t<div class=\"elementor-widget-container\">\n\t\t\t\t\t<p class=\"elementor-heading-title elementor-size-default\">Nota prawna<\/p>\t\t\t\t<\/div>\n\t\t\t\t<\/div>\n\t\t\t\t<\/div>\n\t\t<div class=\"elementor-element elementor-element-cee864a e-con-full e-flex e-con e-child\" data-id=\"cee864a\" data-element_type=\"container\" data-e-type=\"container\" data-settings=\"{&quot;jet_parallax_layout_list&quot;:[]}\">\n\t\t\t\t<div class=\"elementor-element elementor-element-dbb0f8a elementor-widget elementor-widget-heading\" data-id=\"dbb0f8a\" data-element_type=\"widget\" data-e-type=\"widget\" data-widget_type=\"heading.default\">\n\t\t\t\t<div class=\"elementor-widget-container\">\n\t\t\t\t\t<h2 class=\"elementor-heading-title elementor-size-xl\">Brandfeld<\/h2>\t\t\t\t<\/div>\n\t\t\t\t<\/div>\n\t\t<div class=\"elementor-element elementor-element-e9b3ac1 e-con-full content-flow u-pb-6-6 e-flex e-con e-child\" data-id=\"e9b3ac1\" data-element_type=\"container\" data-e-type=\"container\" data-settings=\"{&quot;jet_parallax_layout_list&quot;:[]}\">\n\t\t\t\t<div class=\"elementor-element elementor-element-f60bed5 elementor-widget elementor-widget-text-editor\" data-id=\"f60bed5\" data-element_type=\"widget\" data-e-type=\"widget\" data-widget_type=\"text-editor.default\">\n\t\t\t\t<div class=\"elementor-widget-container\">\n\t\t\t\t\t\t\t\t\t<p>Remigiusz Tywonek<br \/>ul. Sienna 9<br \/>70-542 Szczecin<\/p><p>Numer identyfikacji podatkowej VAT: 8982201341<\/p><p><a href=\"mailto:hi@brandfeld.com\">hi@brandfeld.com<\/a><br \/>+48 690 609 111<\/p><p>Niniejsze informacje obowi\u0105zuj\u0105 r\u00f3wnie\u017c dla profili na Instagram, Facebook i X (Twitter).<\/p>\t\t\t\t\t\t\t\t<\/div>\n\t\t\t\t<\/div>\n\t\t\t\t<\/div>\n\t\t\t\t<\/div>\n\t\t\t\t<\/div>\n\t\t\t\t<\/div>\n\t\t","protected":false},"excerpt":{"rendered":"<p>Nota prawna Nota prawna Nota prawna Nota prawna Nota prawna Brandfeld Remigiusz Tywonekul. Sienna 970-542 Szczecin Numer identyfikacji podatkowej VAT: 8982201341 hi@brandfeld.com+48 690 609 111 Niniejsze informacje obowi\u0105zuj\u0105 r\u00f3wnie\u017c dla profili na Instagram, Facebook i X (Twitter).<\/p>\n","protected":false},"author":1,"featured_media":0,"parent":0,"menu_order":4,"comment_status":"closed","ping_status":"closed","template":"","meta":{"content-type":"","footnotes":""},"class_list":["post-32","page","type-page","status-publish","hentry"],"_links":{"self":[{"href":"https:\/\/brandfeld.com\/pl\/wp-json\/wp\/v2\/pages\/32","targetHints":{"allow":["GET"]}}],"collection":[{"href":"https:\/\/brandfeld.com\/pl\/wp-json\/wp\/v2\/pages"}],"about":[{"href":"https:\/\/brandfeld.com\/pl\/wp-json\/wp\/v2\/types\/page"}],"author":[{"embeddable":true,"href":"https:\/\/brandfeld.com\/pl\/wp-json\/wp\/v2\/users\/1"}],"replies":[{"embeddable":true,"href":"https:\/\/brandfeld.com\/pl\/wp-json\/wp\/v2\/comments?post=32"}],"version-history":[{"count":5,"href":"https:\/\/brandfeld.com\/pl\/wp-json\/wp\/v2\/pages\/32\/revisions"}],"predecessor-version":[{"id":18271,"href":"https:\/\/brandfeld.com\/pl\/wp-json\/wp\/v2\/pages\/32\/revisions\/18271"}],"wp:attachment":[{"href":"https:\/\/brandfeld.com\/pl\/wp-json\/wp\/v2\/media?parent=32"}],"curies":[{"name":"wp","href":"https:\/\/api.w.org\/{rel}","templated":true}]}}