{"id":18278,"date":"2025-10-02T16:34:22","date_gmt":"2025-10-02T14:34:22","guid":{"rendered":"https:\/\/brandfeld.com\/?page_id=18278"},"modified":"2025-10-02T17:09:55","modified_gmt":"2025-10-02T15:09:55","slug":"szybka-konsultacja","status":"publish","type":"page","link":"https:\/\/brandfeld.com\/pl\/kontakt\/szybka-konsultacja\/","title":{"rendered":"Szybka konsultacja"},"content":{"rendered":"\t\t<div data-elementor-type=\"wp-page\" data-elementor-id=\"18278\" class=\"elementor elementor-18278\" data-elementor-post-type=\"page\">\n\t\t\t\t<div class=\"elementor-element elementor-element-2d0291c e-con-full u-inverted u-pb-5-5 e-flex e-con e-parent\" data-id=\"2d0291c\" data-element_type=\"container\" data-e-type=\"container\" data-settings=\"{&quot;jet_parallax_layout_list&quot;:[],&quot;background_background&quot;:&quot;classic&quot;}\">\n\t\t\t\t<div class=\"elementor-element elementor-element-5906791 elementor-widget elementor-widget-shortcode\" data-id=\"5906791\" data-element_type=\"widget\" data-e-type=\"widget\" data-widget_type=\"shortcode.default\">\n\t\t\t\t<div class=\"elementor-widget-container\">\n\t\t\t\t\t\t\t<div class=\"elementor-shortcode\">\t\t<div data-elementor-type=\"container\" data-elementor-id=\"8981\" class=\"elementor elementor-8981\" data-elementor-post-type=\"elementor_library\">\n\t\t\t\t<div class=\"elementor-element elementor-element-43ba2d63 e-con-full u-px--page u-py-3-3 e-flex e-con e-parent\" data-id=\"43ba2d63\" data-element_type=\"container\" data-e-type=\"container\" id=\"scroll-top-target\" data-settings=\"{&quot;jet_parallax_layout_list&quot;:[]}\">\n\t\t<div class=\"elementor-element elementor-element-2173c888 e-con-full c-main-menu e-flex e-con e-child\" data-id=\"2173c888\" data-element_type=\"container\" data-e-type=\"container\" data-settings=\"{&quot;jet_parallax_layout_list&quot;:[]}\">\n\t\t\t\t<div class=\"elementor-element elementor-element-d4037b1 elementor-hidden-widescreen elementor-hidden-desktop elementor-hidden-laptop elementor-hidden-tablet_extra copy-small elementor-widget elementor-widget-heading\" data-id=\"d4037b1\" data-element_type=\"widget\" data-e-type=\"widget\" data-widget_type=\"heading.default\">\n\t\t\t\t<div class=\"elementor-widget-container\">\n\t\t\t\t\t<p class=\"elementor-heading-title elementor-size-default\"><a href=\"#elementor-action%3Aaction%3Dpopup%3Aopen%26settings%3DeyJpZCI6MjQ4LCJ0b2dnbGUiOmZhbHNlfQ%3D%3D\">Menu<\/a><\/p>\t\t\t\t<\/div>\n\t\t\t\t<\/div>\n\t\t\t\t<div class=\"elementor-element elementor-element-7daeb4b6 elementor-widget__width-auto elementor-hidden-mobile_extra elementor-hidden-mobile copy-small elementor-hidden-tablet elementor-widget elementor-widget-heading\" data-id=\"7daeb4b6\" data-element_type=\"widget\" data-e-type=\"widget\" data-widget_type=\"heading.default\">\n\t\t\t\t<div class=\"elementor-widget-container\">\n\t\t\t\t\t<p class=\"elementor-heading-title elementor-size-default\"><a href=\"\/\">Brandfeld<\/a><\/p>\t\t\t\t<\/div>\n\t\t\t\t<\/div>\n\t\t\t\t<div class=\"elementor-element elementor-element-76d28f8f elementor-widget__width-auto elementor-hidden-mobile_extra elementor-hidden-mobile copy-small  is-pl-only elementor-hidden-tablet elementor-widget elementor-widget-heading\" data-id=\"76d28f8f\" data-element_type=\"widget\" data-e-type=\"widget\" data-widget_type=\"heading.default\">\n\t\t\t\t<div class=\"elementor-widget-container\">\n\t\t\t\t\t<p class=\"elementor-heading-title elementor-size-default\"><a href=\"\/pl\/#realizacje\">Realizacje<\/a><\/p>\t\t\t\t<\/div>\n\t\t\t\t<\/div>\n\t\t\t\t<div class=\"elementor-element elementor-element-f2bf11c elementor-widget__width-auto elementor-hidden-mobile_extra elementor-hidden-mobile copy-small is-de-only elementor-hidden-tablet elementor-widget elementor-widget-heading\" data-id=\"f2bf11c\" data-element_type=\"widget\" data-e-type=\"widget\" data-widget_type=\"heading.default\">\n\t\t\t\t<div class=\"elementor-widget-container\">\n\t\t\t\t\t<p class=\"elementor-heading-title elementor-size-default\"><a href=\"\/de\/#realizacje\">Realizacje<\/a><\/p>\t\t\t\t<\/div>\n\t\t\t\t<\/div>\n\t\t\t\t<div class=\"elementor-element elementor-element-147c0569 elementor-widget__width-auto elementor-hidden-mobile_extra elementor-hidden-mobile copy-small  is-pl-only elementor-hidden-tablet elementor-widget elementor-widget-heading\" data-id=\"147c0569\" data-element_type=\"widget\" data-e-type=\"widget\" data-widget_type=\"heading.default\">\n\t\t\t\t<div class=\"elementor-widget-container\">\n\t\t\t\t\t<p class=\"elementor-heading-title elementor-size-default\"><a href=\"\/pl\/#oferta\">Oferta<\/a><\/p>\t\t\t\t<\/div>\n\t\t\t\t<\/div>\n\t\t\t\t<div class=\"elementor-element elementor-element-e78e0d7 elementor-widget__width-auto elementor-hidden-mobile_extra elementor-hidden-mobile copy-small  is-de-only elementor-hidden-tablet elementor-widget elementor-widget-heading\" data-id=\"e78e0d7\" data-element_type=\"widget\" data-e-type=\"widget\" data-widget_type=\"heading.default\">\n\t\t\t\t<div class=\"elementor-widget-container\">\n\t\t\t\t\t<p class=\"elementor-heading-title elementor-size-default\"><a href=\"\/de\/#oferta\">Oferta<\/a><\/p>\t\t\t\t<\/div>\n\t\t\t\t<\/div>\n\t\t\t\t<div class=\"elementor-element elementor-element-a52d83b elementor-widget__width-auto elementor-hidden-mobile_extra elementor-hidden-mobile copy-small is-pl-only elementor-hidden-tablet elementor-widget elementor-widget-heading\" data-id=\"a52d83b\" data-element_type=\"widget\" data-e-type=\"widget\" data-widget_type=\"heading.default\">\n\t\t\t\t<div class=\"elementor-widget-container\">\n\t\t\t\t\t<p class=\"elementor-heading-title elementor-size-default\"><a href=\"\/pl\/#onas\">O nas<\/a><\/p>\t\t\t\t<\/div>\n\t\t\t\t<\/div>\n\t\t\t\t<div class=\"elementor-element elementor-element-90e7aae elementor-widget__width-auto elementor-hidden-mobile_extra elementor-hidden-mobile copy-small is-de-only elementor-hidden-tablet elementor-widget elementor-widget-heading\" data-id=\"90e7aae\" data-element_type=\"widget\" data-e-type=\"widget\" data-widget_type=\"heading.default\">\n\t\t\t\t<div class=\"elementor-widget-container\">\n\t\t\t\t\t<p class=\"elementor-heading-title elementor-size-default\"><a href=\"\/de\/#onas\">O nas<\/a><\/p>\t\t\t\t<\/div>\n\t\t\t\t<\/div>\n\t\t\t\t<div class=\"elementor-element elementor-element-7e91b6ff elementor-widget__width-auto elementor-hidden-mobile_extra elementor-hidden-mobile copy-small elementor-hidden-tablet elementor-widget elementor-widget-heading\" data-id=\"7e91b6ff\" data-element_type=\"widget\" data-e-type=\"widget\" data-widget_type=\"heading.default\">\n\t\t\t\t<div class=\"elementor-widget-container\">\n\t\t\t\t\t<p class=\"elementor-heading-title elementor-size-default\"><a href=\"https:\/\/brandfeld.com\/pl\/kontakt\/\">Kontakt<\/a><\/p>\t\t\t\t<\/div>\n\t\t\t\t<\/div>\n\t\t\t\t<div class=\"elementor-element elementor-element-3a70bfc c-custom-wpml-switcher u-ml-4-4 elementor-hidden-tablet elementor-hidden-mobile_extra elementor-hidden-mobile elementor-widget elementor-widget-shortcode\" data-id=\"3a70bfc\" data-element_type=\"widget\" data-e-type=\"widget\" data-widget_type=\"shortcode.default\">\n\t\t\t\t<div class=\"elementor-widget-container\">\n\t\t\t\t\t\t\t<div class=\"elementor-shortcode\"><ul class=\"wpml-lang-switcher\"><li class=\"active\"><a href=\"https:\/\/brandfeld.com\/pl\/\">PL<\/a><\/li><li><a href=\"https:\/\/brandfeld.com\/de\/\">DE<\/a><\/li><\/ul><\/div>\n\t\t\t\t\t\t<\/div>\n\t\t\t\t<\/div>\n\t\t\t\t<\/div>\n\t\t\t\t<div class=\"elementor-element elementor-element-686014e header-cta-button elementor-widget elementor-widget-global elementor-global-13734 elementor-widget-button\" data-id=\"686014e\" data-element_type=\"widget\" data-e-type=\"widget\" data-widget_type=\"button.default\">\n\t\t\t\t<div class=\"elementor-widget-container\">\n\t\t\t\t\t\t\t\t\t<div class=\"elementor-button-wrapper\">\n\t\t\t\t\t<a class=\"elementor-button elementor-button-link elementor-size-sm\" href=\"https:\/\/brandfeld.com\/pl\/kontakt\/szybka-konsultacja\/\">\n\t\t\t\t\t\t<span class=\"elementor-button-content-wrapper\">\n\t\t\t\t\t\t\t\t\t<span class=\"elementor-button-text\">Szybka konsultacja<\/span>\n\t\t\t\t\t<\/span>\n\t\t\t\t\t<\/a>\n\t\t\t\t<\/div>\n\t\t\t\t\t\t\t\t<\/div>\n\t\t\t\t<\/div>\n\t\t\t\t<\/div>\n\t\t\t\t<\/div>\n\t\t<\/div>\n\t\t\t\t\t\t<\/div>\n\t\t\t\t<\/div>\n\t\t\t\t<\/div>\n\t\t<div class=\"elementor-element elementor-element-f855a8d fx-marquee u-py-4-4 u-inverted e-con-full e-flex e-con e-parent\" data-id=\"f855a8d\" data-element_type=\"container\" data-e-type=\"container\" data-settings=\"{&quot;jet_parallax_layout_list&quot;:[],&quot;background_background&quot;:&quot;classic&quot;}\">\n\t\t<div class=\"elementor-element elementor-element-02a1498 e-con-full fx-marquee__rail e-flex e-con e-child\" data-id=\"02a1498\" data-element_type=\"container\" data-e-type=\"container\" data-settings=\"{&quot;jet_parallax_layout_list&quot;:[]}\">\n\t\t\t\t<div class=\"elementor-element elementor-element-2abe83c copy-marque elementor-widget elementor-widget-heading\" data-id=\"2abe83c\" data-element_type=\"widget\" data-e-type=\"widget\" data-widget_type=\"heading.default\">\n\t\t\t\t<div class=\"elementor-widget-container\">\n\t\t\t\t\t<p class=\"elementor-heading-title elementor-size-default\">Let\u2019s talk<\/p>\t\t\t\t<\/div>\n\t\t\t\t<\/div>\n\t\t\t\t<div class=\"elementor-element elementor-element-56e1532 copy-marque elementor-widget elementor-widget-heading\" data-id=\"56e1532\" data-element_type=\"widget\" data-e-type=\"widget\" data-widget_type=\"heading.default\">\n\t\t\t\t<div class=\"elementor-widget-container\">\n\t\t\t\t\t<p class=\"elementor-heading-title elementor-size-default\">Let\u2019s talk<\/p>\t\t\t\t<\/div>\n\t\t\t\t<\/div>\n\t\t\t\t<div class=\"elementor-element elementor-element-1395ece copy-marque elementor-widget elementor-widget-heading\" data-id=\"1395ece\" data-element_type=\"widget\" data-e-type=\"widget\" data-widget_type=\"heading.default\">\n\t\t\t\t<div class=\"elementor-widget-container\">\n\t\t\t\t\t<p class=\"elementor-heading-title elementor-size-default\">Let\u2019s talk<\/p>\t\t\t\t<\/div>\n\t\t\t\t<\/div>\n\t\t\t\t<div class=\"elementor-element elementor-element-c434e76 copy-marque elementor-widget elementor-widget-heading\" data-id=\"c434e76\" data-element_type=\"widget\" data-e-type=\"widget\" data-widget_type=\"heading.default\">\n\t\t\t\t<div class=\"elementor-widget-container\">\n\t\t\t\t\t<p class=\"elementor-heading-title elementor-size-default\">Let\u2019s talk<\/p>\t\t\t\t<\/div>\n\t\t\t\t<\/div>\n\t\t\t\t<div class=\"elementor-element elementor-element-e74eb54 copy-marque elementor-widget elementor-widget-heading\" data-id=\"e74eb54\" data-element_type=\"widget\" data-e-type=\"widget\" data-widget_type=\"heading.default\">\n\t\t\t\t<div class=\"elementor-widget-container\">\n\t\t\t\t\t<p class=\"elementor-heading-title elementor-size-default\">Let\u2019s talk<\/p>\t\t\t\t<\/div>\n\t\t\t\t<\/div>\n\t\t\t\t<\/div>\n\t\t\t\t<\/div>\n\t\t<div class=\"elementor-element elementor-element-79a275b e-con-full u-px--page  grid--page u-pb-6-6 u-inverted e-grid e-con e-child\" data-id=\"79a275b\" data-element_type=\"container\" data-e-type=\"container\" data-settings=\"{&quot;background_background&quot;:&quot;classic&quot;,&quot;jet_parallax_layout_list&quot;:[]}\">\n\t\t<div class=\"elementor-element elementor-element-dd4b405 e-con-full e-flex e-con e-child\" data-id=\"dd4b405\" data-element_type=\"container\" data-e-type=\"container\" data-settings=\"{&quot;jet_parallax_layout_list&quot;:[]}\">\n\t\t\t\t<div class=\"elementor-element elementor-element-4099b99 left-col-title elementor-widget elementor-widget-heading\" data-id=\"4099b99\" data-element_type=\"widget\" data-e-type=\"widget\" data-widget_type=\"heading.default\">\n\t\t\t\t<div class=\"elementor-widget-container\">\n\t\t\t\t\t<p class=\"elementor-heading-title elementor-size-default\">Szybka konsultacja<\/p>\t\t\t\t<\/div>\n\t\t\t\t<\/div>\n\t\t\t\t<\/div>\n\t\t<div class=\"elementor-element elementor-element-b3d3088 e-con-full e-flex e-con e-child\" data-id=\"b3d3088\" data-element_type=\"container\" data-e-type=\"container\" data-settings=\"{&quot;jet_parallax_layout_list&quot;:[]}\">\n\t\t<div class=\"elementor-element elementor-element-934e995 e-con-full _content-flow u-pb-6-6 u-max-width e-flex e-con e-child\" data-id=\"934e995\" data-element_type=\"container\" data-e-type=\"container\" data-settings=\"{&quot;jet_parallax_layout_list&quot;:[]}\">\n\t\t\t\t<div class=\"elementor-element elementor-element-6f5a978 elementor-hidden-mobile_extra elementor-hidden-mobile text-balance elementor-widget elementor-widget-heading\" data-id=\"6f5a978\" data-element_type=\"widget\" data-e-type=\"widget\" data-widget_type=\"heading.default\">\n\t\t\t\t<div class=\"elementor-widget-container\">\n\t\t\t\t\t<h2 class=\"elementor-heading-title elementor-size-xl\">Ka\u017cdy projekt zaczyna si\u0119 od rozmowy<\/h2>\t\t\t\t<\/div>\n\t\t\t\t<\/div>\n\t\t\t\t<div class=\"elementor-element elementor-element-9e86699 elementor-hidden-mobile_extra elementor-hidden-mobile u-pb-4-4 elementor-widget elementor-widget-heading\" data-id=\"9e86699\" data-element_type=\"widget\" data-e-type=\"widget\" data-widget_type=\"heading.default\">\n\t\t\t\t<div class=\"elementor-widget-container\">\n\t\t\t\t\t<p class=\"elementor-heading-title elementor-size-default\">Zanim przygotujemy dla Ciebie konkretn\u0105 propozycj\u0119, chcemy dobrze zrozumie\u0107 Twoje potrzeby i cele. Um\u00f3w si\u0119 z nami na kr\u00f3tk\u0105 rozmow\u0119 na Google Meet \u2013 to szybki spos\u00f3b, \u017ceby si\u0119 pozna\u0107, zada\u0107 najwa\u017cniejsze pytania i wsp\u00f3lnie ustali\u0107 najlepszy kierunek dzia\u0142ania. Dzi\u0119ki temu ju\u017c od pierwszego kroku mo\u017cemy dzia\u0142a\u0107 skuteczniej.<\/p>\t\t\t\t<\/div>\n\t\t\t\t<\/div>\n\t\t\t\t<div class=\"elementor-element elementor-element-aad9a18 elementor-widget elementor-widget-html\" data-id=\"aad9a18\" data-element_type=\"widget\" data-e-type=\"widget\" data-widget_type=\"html.default\">\n\t\t\t\t<div class=\"elementor-widget-container\">\n\t\t\t\t\t<!-- Start of Meetings Embed Script -->\r\n    <div class=\"meetings-iframe-container\" data-src=\"https:\/\/meetings-eu1.hubspot.com\/remigiusz-tywonek\/szybka-konsultacja?embed=true\"><\/div>\r\n    <script type=\"text\/javascript\" src=\"https:\/\/static.hsappstatic.net\/MeetingsEmbed\/ex\/MeetingsEmbedCode.js\"><\/script>\r\n  <!-- End of Meetings Embed Script -->\t\t\t\t<\/div>\n\t\t\t\t<\/div>\n\t\t\t\t<\/div>\n\t\t\t\t<\/div>\n\t\t\t\t<\/div>\n\t\t\t\t<\/div>\n\t\t","protected":false},"excerpt":{"rendered":"<p>Let\u2019s talk Let\u2019s talk Let\u2019s talk Let\u2019s talk Let\u2019s talk Szybka konsultacja Ka\u017cdy projekt zaczyna si\u0119 od rozmowy Zanim przygotujemy dla Ciebie konkretn\u0105 propozycj\u0119, chcemy dobrze zrozumie\u0107 Twoje potrzeby i cele. Um\u00f3w si\u0119 z nami na kr\u00f3tk\u0105 rozmow\u0119 na Google Meet \u2013 to szybki spos\u00f3b, \u017ceby si\u0119 pozna\u0107, zada\u0107 najwa\u017cniejsze pytania i wsp\u00f3lnie ustali\u0107 najlepszy [&hellip;]<\/p>\n","protected":false},"author":1,"featured_media":0,"parent":12722,"menu_order":2,"comment_status":"closed","ping_status":"closed","template":"","meta":{"content-type":"","footnotes":""},"class_list":["post-18278","page","type-page","status-publish","hentry"],"_links":{"self":[{"href":"https:\/\/brandfeld.com\/pl\/wp-json\/wp\/v2\/pages\/18278","targetHints":{"allow":["GET"]}}],"collection":[{"href":"https:\/\/brandfeld.com\/pl\/wp-json\/wp\/v2\/pages"}],"about":[{"href":"https:\/\/brandfeld.com\/pl\/wp-json\/wp\/v2\/types\/page"}],"author":[{"embeddable":true,"href":"https:\/\/brandfeld.com\/pl\/wp-json\/wp\/v2\/users\/1"}],"replies":[{"embeddable":true,"href":"https:\/\/brandfeld.com\/pl\/wp-json\/wp\/v2\/comments?post=18278"}],"version-history":[{"count":5,"href":"https:\/\/brandfeld.com\/pl\/wp-json\/wp\/v2\/pages\/18278\/revisions"}],"predecessor-version":[{"id":18290,"href":"https:\/\/brandfeld.com\/pl\/wp-json\/wp\/v2\/pages\/18278\/revisions\/18290"}],"up":[{"embeddable":true,"href":"https:\/\/brandfeld.com\/pl\/wp-json\/wp\/v2\/pages\/12722"}],"wp:attachment":[{"href":"https:\/\/brandfeld.com\/pl\/wp-json\/wp\/v2\/media?parent=18278"}],"curies":[{"name":"wp","href":"https:\/\/api.w.org\/{rel}","templated":true}]}}