{"id":13138,"date":"2025-05-28T22:12:26","date_gmt":"2025-05-28T20:12:25","guid":{"rendered":"https:\/\/brandfeld.com\/?page_id=13138"},"modified":"2025-06-27T22:45:32","modified_gmt":"2025-06-27T20:45:32","slug":"polityka-opinii","status":"publish","type":"page","link":"https:\/\/brandfeld.com\/pl\/polityka-opinii\/","title":{"rendered":"Polityka opinii"},"content":{"rendered":"\t\t<div data-elementor-type=\"wp-page\" data-elementor-id=\"13138\" class=\"elementor elementor-13138\" data-elementor-post-type=\"page\">\n\t\t\t\t<div class=\"elementor-element elementor-element-ad17b11 e-con-full u-inverted e-flex e-con e-parent\" data-id=\"ad17b11\" data-element_type=\"container\" data-e-type=\"container\" data-settings=\"{&quot;background_background&quot;:&quot;classic&quot;,&quot;jet_parallax_layout_list&quot;:[]}\">\n\t\t\t\t<div class=\"elementor-element elementor-element-78f6d8a u-pb-5-5 elementor-widget elementor-widget-shortcode\" data-id=\"78f6d8a\" data-element_type=\"widget\" data-e-type=\"widget\" data-widget_type=\"shortcode.default\">\n\t\t\t\t<div class=\"elementor-widget-container\">\n\t\t\t\t\t\t\t<div class=\"elementor-shortcode\">\t\t<div data-elementor-type=\"container\" data-elementor-id=\"8981\" class=\"elementor elementor-8981\" data-elementor-post-type=\"elementor_library\">\n\t\t\t\t<div class=\"elementor-element elementor-element-43ba2d63 e-con-full u-px--page u-py-3-3 e-flex e-con e-parent\" data-id=\"43ba2d63\" data-element_type=\"container\" data-e-type=\"container\" id=\"scroll-top-target\" data-settings=\"{&quot;jet_parallax_layout_list&quot;:[]}\">\n\t\t<div class=\"elementor-element elementor-element-2173c888 e-con-full c-main-menu e-flex e-con e-child\" data-id=\"2173c888\" data-element_type=\"container\" data-e-type=\"container\" data-settings=\"{&quot;jet_parallax_layout_list&quot;:[]}\">\n\t\t\t\t<div class=\"elementor-element elementor-element-d4037b1 elementor-hidden-widescreen elementor-hidden-desktop elementor-hidden-laptop elementor-hidden-tablet_extra copy-small elementor-widget elementor-widget-heading\" data-id=\"d4037b1\" data-element_type=\"widget\" data-e-type=\"widget\" data-widget_type=\"heading.default\">\n\t\t\t\t<div class=\"elementor-widget-container\">\n\t\t\t\t\t<p class=\"elementor-heading-title elementor-size-default\"><a href=\"#elementor-action%3Aaction%3Dpopup%3Aopen%26settings%3DeyJpZCI6MjQ4LCJ0b2dnbGUiOmZhbHNlfQ%3D%3D\">Menu<\/a><\/p>\t\t\t\t<\/div>\n\t\t\t\t<\/div>\n\t\t\t\t<div class=\"elementor-element elementor-element-7daeb4b6 elementor-widget__width-auto elementor-hidden-mobile_extra elementor-hidden-mobile copy-small elementor-hidden-tablet elementor-widget elementor-widget-heading\" data-id=\"7daeb4b6\" data-element_type=\"widget\" data-e-type=\"widget\" data-widget_type=\"heading.default\">\n\t\t\t\t<div class=\"elementor-widget-container\">\n\t\t\t\t\t<p class=\"elementor-heading-title elementor-size-default\"><a href=\"\/\">Brandfeld<\/a><\/p>\t\t\t\t<\/div>\n\t\t\t\t<\/div>\n\t\t\t\t<div class=\"elementor-element elementor-element-76d28f8f elementor-widget__width-auto elementor-hidden-mobile_extra elementor-hidden-mobile copy-small  is-pl-only elementor-hidden-tablet elementor-widget elementor-widget-heading\" data-id=\"76d28f8f\" data-element_type=\"widget\" data-e-type=\"widget\" data-widget_type=\"heading.default\">\n\t\t\t\t<div class=\"elementor-widget-container\">\n\t\t\t\t\t<p class=\"elementor-heading-title elementor-size-default\"><a href=\"\/pl\/#realizacje\">Realizacje<\/a><\/p>\t\t\t\t<\/div>\n\t\t\t\t<\/div>\n\t\t\t\t<div class=\"elementor-element elementor-element-f2bf11c elementor-widget__width-auto elementor-hidden-mobile_extra elementor-hidden-mobile copy-small is-de-only elementor-hidden-tablet elementor-widget elementor-widget-heading\" data-id=\"f2bf11c\" data-element_type=\"widget\" data-e-type=\"widget\" data-widget_type=\"heading.default\">\n\t\t\t\t<div class=\"elementor-widget-container\">\n\t\t\t\t\t<p class=\"elementor-heading-title elementor-size-default\"><a href=\"\/de\/#realizacje\">Realizacje<\/a><\/p>\t\t\t\t<\/div>\n\t\t\t\t<\/div>\n\t\t\t\t<div class=\"elementor-element elementor-element-147c0569 elementor-widget__width-auto elementor-hidden-mobile_extra elementor-hidden-mobile copy-small  is-pl-only elementor-hidden-tablet elementor-widget elementor-widget-heading\" data-id=\"147c0569\" data-element_type=\"widget\" data-e-type=\"widget\" data-widget_type=\"heading.default\">\n\t\t\t\t<div class=\"elementor-widget-container\">\n\t\t\t\t\t<p class=\"elementor-heading-title elementor-size-default\"><a href=\"\/pl\/#oferta\">Oferta<\/a><\/p>\t\t\t\t<\/div>\n\t\t\t\t<\/div>\n\t\t\t\t<div class=\"elementor-element elementor-element-e78e0d7 elementor-widget__width-auto elementor-hidden-mobile_extra elementor-hidden-mobile copy-small  is-de-only elementor-hidden-tablet elementor-widget elementor-widget-heading\" data-id=\"e78e0d7\" data-element_type=\"widget\" data-e-type=\"widget\" data-widget_type=\"heading.default\">\n\t\t\t\t<div class=\"elementor-widget-container\">\n\t\t\t\t\t<p class=\"elementor-heading-title elementor-size-default\"><a href=\"\/de\/#oferta\">Oferta<\/a><\/p>\t\t\t\t<\/div>\n\t\t\t\t<\/div>\n\t\t\t\t<div class=\"elementor-element elementor-element-a52d83b elementor-widget__width-auto elementor-hidden-mobile_extra elementor-hidden-mobile copy-small is-pl-only elementor-hidden-tablet elementor-widget elementor-widget-heading\" data-id=\"a52d83b\" data-element_type=\"widget\" data-e-type=\"widget\" data-widget_type=\"heading.default\">\n\t\t\t\t<div class=\"elementor-widget-container\">\n\t\t\t\t\t<p class=\"elementor-heading-title elementor-size-default\"><a href=\"\/pl\/#onas\">O nas<\/a><\/p>\t\t\t\t<\/div>\n\t\t\t\t<\/div>\n\t\t\t\t<div class=\"elementor-element elementor-element-90e7aae elementor-widget__width-auto elementor-hidden-mobile_extra elementor-hidden-mobile copy-small is-de-only elementor-hidden-tablet elementor-widget elementor-widget-heading\" data-id=\"90e7aae\" data-element_type=\"widget\" data-e-type=\"widget\" data-widget_type=\"heading.default\">\n\t\t\t\t<div class=\"elementor-widget-container\">\n\t\t\t\t\t<p class=\"elementor-heading-title elementor-size-default\"><a href=\"\/de\/#onas\">O nas<\/a><\/p>\t\t\t\t<\/div>\n\t\t\t\t<\/div>\n\t\t\t\t<div class=\"elementor-element elementor-element-7e91b6ff elementor-widget__width-auto elementor-hidden-mobile_extra elementor-hidden-mobile copy-small elementor-hidden-tablet elementor-widget elementor-widget-heading\" data-id=\"7e91b6ff\" data-element_type=\"widget\" data-e-type=\"widget\" data-widget_type=\"heading.default\">\n\t\t\t\t<div class=\"elementor-widget-container\">\n\t\t\t\t\t<p class=\"elementor-heading-title elementor-size-default\"><a href=\"https:\/\/brandfeld.com\/pl\/kontakt\/\">Kontakt<\/a><\/p>\t\t\t\t<\/div>\n\t\t\t\t<\/div>\n\t\t\t\t<div class=\"elementor-element elementor-element-3a70bfc c-custom-wpml-switcher u-ml-4-4 elementor-hidden-tablet elementor-hidden-mobile_extra elementor-hidden-mobile elementor-widget elementor-widget-shortcode\" data-id=\"3a70bfc\" data-element_type=\"widget\" data-e-type=\"widget\" data-widget_type=\"shortcode.default\">\n\t\t\t\t<div class=\"elementor-widget-container\">\n\t\t\t\t\t\t\t<div class=\"elementor-shortcode\"><ul class=\"wpml-lang-switcher\"><li class=\"active\"><a href=\"https:\/\/brandfeld.com\/pl\/\">PL<\/a><\/li><li><a href=\"https:\/\/brandfeld.com\/de\/\">DE<\/a><\/li><\/ul><\/div>\n\t\t\t\t\t\t<\/div>\n\t\t\t\t<\/div>\n\t\t\t\t<\/div>\n\t\t\t\t<div class=\"elementor-element elementor-element-686014e header-cta-button elementor-widget elementor-widget-global elementor-global-13734 elementor-widget-button\" data-id=\"686014e\" data-element_type=\"widget\" data-e-type=\"widget\" data-widget_type=\"button.default\">\n\t\t\t\t<div class=\"elementor-widget-container\">\n\t\t\t\t\t\t\t\t\t<div class=\"elementor-button-wrapper\">\n\t\t\t\t\t<a class=\"elementor-button elementor-button-link elementor-size-sm\" href=\"https:\/\/brandfeld.com\/pl\/kontakt\/szybka-konsultacja\/\">\n\t\t\t\t\t\t<span class=\"elementor-button-content-wrapper\">\n\t\t\t\t\t\t\t\t\t<span class=\"elementor-button-text\">Szybka konsultacja<\/span>\n\t\t\t\t\t<\/span>\n\t\t\t\t\t<\/a>\n\t\t\t\t<\/div>\n\t\t\t\t\t\t\t\t<\/div>\n\t\t\t\t<\/div>\n\t\t\t\t<\/div>\n\t\t\t\t<\/div>\n\t\t<\/div>\n\t\t\t\t\t\t<\/div>\n\t\t\t\t<\/div>\n\t\t\t\t<\/div>\n\t\t<div class=\"elementor-element elementor-element-9efb1b9 fx-marquee u-py-4-4 u-inverted e-con-full e-flex e-con e-parent\" data-id=\"9efb1b9\" data-element_type=\"container\" data-e-type=\"container\" data-settings=\"{&quot;jet_parallax_layout_list&quot;:[],&quot;background_background&quot;:&quot;classic&quot;}\">\n\t\t<div class=\"elementor-element elementor-element-6fb3b43 e-con-full fx-marquee__rail e-flex e-con e-child\" data-id=\"6fb3b43\" data-element_type=\"container\" data-e-type=\"container\" data-settings=\"{&quot;jet_parallax_layout_list&quot;:[]}\">\n\t\t\t\t<div class=\"elementor-element elementor-element-e178482 copy-marque elementor-widget elementor-widget-heading\" data-id=\"e178482\" data-element_type=\"widget\" data-e-type=\"widget\" data-widget_type=\"heading.default\">\n\t\t\t\t<div class=\"elementor-widget-container\">\n\t\t\t\t\t<p class=\"elementor-heading-title elementor-size-default\">Polityka opinii\u200b<\/p>\t\t\t\t<\/div>\n\t\t\t\t<\/div>\n\t\t\t\t<div class=\"elementor-element elementor-element-512437d copy-marque elementor-widget elementor-widget-heading\" data-id=\"512437d\" data-element_type=\"widget\" data-e-type=\"widget\" data-widget_type=\"heading.default\">\n\t\t\t\t<div class=\"elementor-widget-container\">\n\t\t\t\t\t<p class=\"elementor-heading-title elementor-size-default\">Polityka opinii\u200b<\/p>\t\t\t\t<\/div>\n\t\t\t\t<\/div>\n\t\t\t\t<div class=\"elementor-element elementor-element-42d39a1 copy-marque elementor-widget elementor-widget-heading\" data-id=\"42d39a1\" data-element_type=\"widget\" data-e-type=\"widget\" data-widget_type=\"heading.default\">\n\t\t\t\t<div class=\"elementor-widget-container\">\n\t\t\t\t\t<p class=\"elementor-heading-title elementor-size-default\">Polityka opinii\u200b<\/p>\t\t\t\t<\/div>\n\t\t\t\t<\/div>\n\t\t\t\t<div class=\"elementor-element elementor-element-5d88940 copy-marque elementor-widget elementor-widget-heading\" data-id=\"5d88940\" data-element_type=\"widget\" data-e-type=\"widget\" data-widget_type=\"heading.default\">\n\t\t\t\t<div class=\"elementor-widget-container\">\n\t\t\t\t\t<p class=\"elementor-heading-title elementor-size-default\">Polityka opinii\u200b<\/p>\t\t\t\t<\/div>\n\t\t\t\t<\/div>\n\t\t\t\t<div class=\"elementor-element elementor-element-e4d89b9 copy-marque elementor-widget elementor-widget-heading\" data-id=\"e4d89b9\" data-element_type=\"widget\" data-e-type=\"widget\" data-widget_type=\"heading.default\">\n\t\t\t\t<div class=\"elementor-widget-container\">\n\t\t\t\t\t<p class=\"elementor-heading-title elementor-size-default\">Polityka opinii\u200b<\/p>\t\t\t\t<\/div>\n\t\t\t\t<\/div>\n\t\t\t\t<\/div>\n\t\t\t\t<\/div>\n\t\t<div class=\"elementor-element elementor-element-f0752a1 e-con-full u-px--page  grid--page u-pt-6-6 u-pb-6-6 u-inverted e-grid e-con e-child\" data-id=\"f0752a1\" data-element_type=\"container\" data-e-type=\"container\" data-settings=\"{&quot;background_background&quot;:&quot;classic&quot;,&quot;jet_parallax_layout_list&quot;:[]}\">\n\t\t<div class=\"elementor-element elementor-element-ccf03da e-con-full e-flex e-con e-child\" data-id=\"ccf03da\" data-element_type=\"container\" data-e-type=\"container\" data-settings=\"{&quot;jet_parallax_layout_list&quot;:[]}\">\n\t\t\t\t<div class=\"elementor-element elementor-element-659293f left-col-title elementor-widget elementor-widget-heading\" data-id=\"659293f\" data-element_type=\"widget\" data-e-type=\"widget\" data-widget_type=\"heading.default\">\n\t\t\t\t<div class=\"elementor-widget-container\">\n\t\t\t\t\t<p class=\"elementor-heading-title elementor-size-default\">Polityka opinii<\/p>\t\t\t\t<\/div>\n\t\t\t\t<\/div>\n\t\t\t\t<\/div>\n\t\t<div class=\"elementor-element elementor-element-81e54e1 e-con-full e-flex e-con e-child\" data-id=\"81e54e1\" data-element_type=\"container\" data-e-type=\"container\" data-settings=\"{&quot;jet_parallax_layout_list&quot;:[]}\">\n\t\t<div class=\"elementor-element elementor-element-3034a41 e-con-full content-flow u-pb-6-6 e-flex e-con e-child\" data-id=\"3034a41\" data-element_type=\"container\" data-e-type=\"container\" data-settings=\"{&quot;jet_parallax_layout_list&quot;:[]}\">\n\t\t\t\t<div class=\"elementor-element elementor-element-f60bed5 elementor-widget elementor-widget-text-editor\" data-id=\"f60bed5\" data-element_type=\"widget\" data-e-type=\"widget\" data-widget_type=\"text-editor.default\">\n\t\t\t\t<div class=\"elementor-widget-container\">\n\t\t\t\t\t\t\t\t\t<h2>1. Postanowienia og\u00f3lne<\/h2><p>Niniejsza polityka opinii okre\u015bla zasady gromadzenia, moderowania i publikowania opinii dotycz\u0105cych us\u0142ug oferowanych przez Remigiusz Tywonek, ul. Sienna 9, 70-542 Szczecin zwany dalej \u201eFirma\u201d, przekazywanych przez klient\u00f3w dobrowolnie drog\u0105 mailow\u0105, za po\u015brednictwem platform zewn\u0119trznych lub innymi kana\u0142ami komunikacji elektronicznej.<\/p><p>Opinie klient\u00f3w s\u0105 gromadzone i weryfikowane z zachowaniem zasad przejrzysto\u015bci wynikaj\u0105cych z przepis\u00f3w Unii Europejskiej, w szczeg\u00f3lno\u015bci Dyrektywy 2019\/2161 oraz Rozporz\u0105dzenia 2019\/1150.<\/p><h2>2. Forma i spos\u00f3b zbierania opinii<\/h2><p>Firma nie udost\u0119pnia funkcji umo\u017cliwiaj\u0105cej samodzielnego publikowania opinii bezpo\u015brednio na stronie internetowej. Opinie mog\u0105 by\u0107 przekazywane:<\/p><ul><li>drog\u0105 mailow\u0105 na adres: hi@brandfed.com,<\/li><li>poprzez wpis na platformach zewn\u0119trznych,<\/li><li>innymi kana\u0142ami komunikacji elektronicznej.<\/li><\/ul><p>Publikowane opinie pochodz\u0105 wy\u0142\u0105cznie od rzeczywistych klient\u00f3w, kt\u00f3rzy skorzystali z us\u0142ug Firmy. Firma podejmuje uzasadnione starania, aby zapewni\u0107 ich autentyczno\u015b\u0107.<\/p><h2>3. Wymogi dotycz\u0105ce tre\u015bci opinii<\/h2><p>Opinia powinna by\u0107:<\/p><ul><li>zgodna z prawem oraz oparta na rzeczywistych do\u015bwiadczeniach,<\/li><li>konkretna, rzeczowa i wolna od tre\u015bci obra\u017aliwych lub dyskryminuj\u0105cych,<\/li><li>niezawieraj\u0105ca danych osobowych bez zgody osoby, kt\u00f3rej dotyczy,<\/li><li>napisana w dobrej wierze, bez intencji wprowadzania w b\u0142\u0105d.<\/li><\/ul><p>Firma zastrzega sobie prawo do niepublikowania lub wnioskowania o usuni\u0119cie opinii:<\/p><ul><li>niezgodnych z niniejsz\u0105 polityk\u0105 opinii,<\/li><li>wulgarnych, spamerskich lub reklamowych,<\/li><li>pochodz\u0105cych od os\u00f3b, kt\u00f3re nie s\u0105 klientami Firmy.<\/li><\/ul><h2>4. Weryfikacja i moderacja<\/h2><p>Firma zastrzega sobie prawo do:<\/p><ul><li>weryfikacji, czy opinia pochodzi od rzeczywistego klienta np. na podstawie historii kontaktu,<\/li><li>redakcji opinii w zakresie korekty b\u0142\u0119d\u00f3w j\u0119zykowych, usuni\u0119cia danych wra\u017cliwych lub cytowania istotnych fragment\u00f3w \u2013 bez ingerencji w sens wypowiedzi,<\/li><li>odmowy publikacji lub wnioskowania o usuni\u0119cie opinii bez obowi\u0105zku uzasadnienia decyzji.<\/li><\/ul><h2>5. Wykorzystanie opinii<\/h2><p>Opinie mog\u0105 by\u0107 wykorzystywane przez Firm\u0119 w celach marketingowych, informacyjnych i promocyjnych \u2013 m.in. na stronie internetowej, w mediach spo\u0142eczno\u015bciowych lub materia\u0142ach reklamowych \u2013 z zachowaniem zasad rzetelno\u015bci, przejrzysto\u015bci oraz ochrony danych osobowych.<\/p><h2>6. Zg\u0142aszanie narusze\u0144<\/h2><p>Wszelkie zg\u0142oszenia dotycz\u0105ce opinii naruszaj\u0105cych przepisy prawa, dobre obyczaje lub postanowienia niniejszej Polityki prosimy kierowa\u0107 na adres e-mail: hi@brandfed.com.<\/p>\t\t\t\t\t\t\t\t<\/div>\n\t\t\t\t<\/div>\n\t\t\t\t<\/div>\n\t\t\t\t<\/div>\n\t\t\t\t<\/div>\n\t\t\t\t<\/div>\n\t\t","protected":false},"excerpt":{"rendered":"<p>Polityka opinii\u200b Polityka opinii\u200b Polityka opinii\u200b Polityka opinii\u200b Polityka opinii\u200b Polityka opinii 1. Postanowienia og\u00f3lne Niniejsza polityka opinii okre\u015bla zasady gromadzenia, moderowania i publikowania opinii dotycz\u0105cych us\u0142ug oferowanych przez Remigiusz Tywonek, ul. Sienna 9, 70-542 Szczecin zwany dalej \u201eFirma\u201d, przekazywanych przez klient\u00f3w dobrowolnie drog\u0105 mailow\u0105, za po\u015brednictwem platform zewn\u0119trznych lub innymi kana\u0142ami komunikacji elektronicznej. Opinie [&hellip;]<\/p>\n","protected":false},"author":1,"featured_media":0,"parent":0,"menu_order":3,"comment_status":"closed","ping_status":"closed","template":"","meta":{"content-type":"","footnotes":""},"class_list":["post-13138","page","type-page","status-publish","hentry"],"_links":{"self":[{"href":"https:\/\/brandfeld.com\/pl\/wp-json\/wp\/v2\/pages\/13138","targetHints":{"allow":["GET"]}}],"collection":[{"href":"https:\/\/brandfeld.com\/pl\/wp-json\/wp\/v2\/pages"}],"about":[{"href":"https:\/\/brandfeld.com\/pl\/wp-json\/wp\/v2\/types\/page"}],"author":[{"embeddable":true,"href":"https:\/\/brandfeld.com\/pl\/wp-json\/wp\/v2\/users\/1"}],"replies":[{"embeddable":true,"href":"https:\/\/brandfeld.com\/pl\/wp-json\/wp\/v2\/comments?post=13138"}],"version-history":[{"count":5,"href":"https:\/\/brandfeld.com\/pl\/wp-json\/wp\/v2\/pages\/13138\/revisions"}],"predecessor-version":[{"id":16712,"href":"https:\/\/brandfeld.com\/pl\/wp-json\/wp\/v2\/pages\/13138\/revisions\/16712"}],"wp:attachment":[{"href":"https:\/\/brandfeld.com\/pl\/wp-json\/wp\/v2\/media?parent=13138"}],"curies":[{"name":"wp","href":"https:\/\/api.w.org\/{rel}","templated":true}]}}